{"id":238324,"date":"2022-08-01T07:44:27","date_gmt":"2022-08-01T07:44:27","guid":{"rendered":"https:\/\/www.theforexaffiliates.com\/cam-on-ban\/"},"modified":"2022-09-13T07:49:55","modified_gmt":"2022-09-13T07:49:55","slug":"cam-on-ban","status":"publish","type":"page","link":"https:\/\/www.theforexaffiliates.com\/vi\/cam-on-ban\/","title":{"rendered":"C\u1ea3m \u01a1n b\u1ea1n"},"content":{"rendered":"\n\n[et_pb_section fb_built=&#8221;1&#8243; custom_padding_last_edited=&#8221;on|desktop&#8221; admin_label=&#8221;Header&#8221; _builder_version=&#8221;4.17.4&#8243; max_width_last_edited=&#8221;off|phone&#8221; height_tablet=&#8221;&#8221; height_phone=&#8221;&#8221; height_last_edited=&#8221;on|phone&#8221; custom_padding=&#8221;120px|0px|120px|0px|true|false&#8221; custom_padding_tablet=&#8221;80px|0px|80px|0px|true|false&#8221; custom_padding_phone=&#8221;80px|0px|80px|0px|false|false&#8221; hover_enabled=&#8221;0&#8243; background_image_phone=&#8221;https:\/\/www.theforexaffiliates.com\/wp-content\/uploads\/2022\/06\/big-dodzy-tBRpPhRc3k0-unsplash2c-scaled-1.jpg&#8221; background_enable_image_phone=&#8221;on&#8221; background_size_phone=&#8221;cover&#8221; background_position_phone=&#8221;center_right&#8221; locked=&#8221;off&#8221; global_colors_info=&#8221;{}&#8221; box_shadow_style__hover=&#8221;none&#8221; box_shadow_style__hover_enabled=&#8221;none&#8221; box_shadow_color__hover=&#8221;rgba(0,0,0,0.3)&#8221; box_shadow_color__hover_enabled=&#8221;rgba(0,0,0,0.3)&#8221; theme_builder_area=&#8221;post_content&#8221; background_enable_image=&#8221;off&#8221; sticky_enabled=&#8221;0&#8243;][et_pb_row custom_padding_last_edited=&#8221;on|phone&#8221; padding_top_bottom_link_1=&#8221;false&#8221; padding_top_bottom_link_2=&#8221;true&#8221; padding_left_right_link_2=&#8221;true&#8221; _builder_version=&#8221;4.17.4&#8243; width_tablet=&#8221;100%&#8221; width_phone=&#8221;100%&#8221; width_last_edited=&#8221;on|tablet&#8221; max_width_tablet=&#8221;2560%&#8221; max_width_phone=&#8221;&#8221; max_width_last_edited=&#8221;on|desktop&#8221; custom_margin=&#8221;0px||0px||true&#8221; custom_padding=&#8221;0|0px|0px|0px|false|false&#8221; custom_padding_tablet=&#8221;0|0px|0px|0px|false|false&#8221; custom_padding_phone=&#8221;0|30px|0px|30px|false|true&#8221; use_custom_width=&#8221;on&#8221; width_unit=&#8221;off&#8221; custom_width_percent=&#8221;100%&#8221; global_colors_info=&#8221;{}&#8221; theme_builder_area=&#8221;post_content&#8221;][et_pb_column type=&#8221;4_4&#8243; _builder_version=&#8221;4.17.4&#8243; custom_padding=&#8221;0vw|0px|0vw|0px|true|false&#8221; custom_padding_tablet=&#8221;||100px&#8221; custom_padding_phone=&#8221;|0px|0px|0px|false|true&#8221; custom_padding_last_edited=&#8221;on|phone&#8221; global_colors_info=&#8221;{}&#8221; custom_padding__hover=&#8221;|||&#8221; theme_builder_area=&#8221;post_content&#8221;][et_pb_text content_tablet=&#8221;<h1>Chi nh\u00e1nh ICS S\u00edp<\/h1>\n<p> <\/p>\n<h2>Institute of Chartered Shipbrokers cung c\u1ea5p cho ng\u00e0nh d\u1ecbch v\u1ee5 v\u1eadn t\u1ea3i bi\u1ec3n b\u1eb1ng c\u1ea5p chuy\u00ean nghi\u1ec7p \u0111\u01b0\u1ee3c c\u00f4ng nh\u1eadn r\u1ed9ng r\u00e3i nh\u1ea5t.<\/h2>&#8221; content_phone=&#8221;<h1>Chi nh\u00e1nh ICS S\u00edp<\/h1>\n<h2>Institute of Chartered Shipbrokers cung c\u1ea5p cho ng\u00e0nh d\u1ecbch v\u1ee5 v\u1eadn t\u1ea3i bi\u1ec3n b\u1eb1ng c\u1ea5p chuy\u00ean nghi\u1ec7p \u0111\u01b0\u1ee3c c\u00f4ng nh\u1eadn r\u1ed9ng r\u00e3i nh\u1ea5t.<\/h2>&#8221; content_last_edited=&#8221;off|phone&#8221; _builder_version=&#8221;4.17.4&#8243; text_font=&#8221;Roboto Slab|300|||||||&#8221; text_font_size=&#8221;22px&#8221; text_line_height=&#8221;1.6em&#8221; header_font=&#8221;Poppins|800|||||||&#8221; header_text_align=&#8221;center&#8221; header_font_size=&#8221;48px&#8221; header_line_height=&#8221;1.4em&#8221; header_2_font=&#8221;Roboto Slab|300|||||||&#8221; header_2_font_size=&#8221;21px&#8221; header_2_line_height=&#8221;1.4em&#8221; background_layout=&#8221;dark&#8221; module_alignment=&#8221;center&#8221; custom_margin=&#8221;0px||0px|0px|false|false&#8221; custom_margin_tablet=&#8221;-79px|||-7px|false|false&#8221; custom_margin_phone=&#8221;0px|||0px|false|false&#8221; custom_margin_last_edited=&#8221;on|desktop&#8221; animation_style=&#8221;zoom&#8221; hover_enabled=&#8221;0&#8243; header_font_size_tablet=&#8221;60px&#8221; header_font_size_phone=&#8221;28px&#8221; header_font_size_last_edited=&#8221;on|phone&#8221; header_line_height_tablet=&#8221;1.4em&#8221; header_line_height_phone=&#8221;1em&#8221; header_line_height_last_edited=&#8221;on|desktop&#8221; header_2_font_size_tablet=&#8221;20px&#8221; header_2_font_size_phone=&#8221;15px&#8221; header_2_font_size_last_edited=&#8221;on|desktop&#8221; header_2_line_height_tablet=&#8221;1.4em&#8221; header_2_line_height_phone=&#8221;1.6em&#8221; header_2_line_height_last_edited=&#8221;on|phone&#8221; global_colors_info=&#8221;{}&#8221; header_3_font_size__hover=&#8221;22px&#8221; header_3_font_size__hover_enabled=&#8221;22px&#8221; header_3_letter_spacing__hover=&#8221;0px&#8221; header_3_letter_spacing__hover_enabled=&#8221;0px&#8221; header_3_line_height__hover=&#8221;1em&#8221; header_3_line_height__hover_enabled=&#8221;1em&#8221; header_3_text_shadow_style__hover=&#8221;none&#8221; header_3_text_shadow_style__hover_enabled=&#8221;none&#8221; header_3_text_shadow_color__hover=&#8221;rgba(0,0,0,0.4)&#8221; header_3_text_shadow_color__hover_enabled=&#8221;rgba(0,0,0,0.4)&#8221; header_4_font_size__hover=&#8221;18px&#8221; header_4_font_size__hover_enabled=&#8221;18px&#8221; header_4_letter_spacing__hover=&#8221;0px&#8221; header_4_letter_spacing__hover_enabled=&#8221;0px&#8221; header_4_line_height__hover=&#8221;1em&#8221; header_4_line_height__hover_enabled=&#8221;1em&#8221; header_4_text_shadow_style__hover=&#8221;none&#8221; header_4_text_shadow_style__hover_enabled=&#8221;none&#8221; header_4_text_shadow_color__hover=&#8221;rgba(0,0,0,0.4)&#8221; header_4_text_shadow_color__hover_enabled=&#8221;rgba(0,0,0,0.4)&#8221; header_5_font_size__hover=&#8221;16px&#8221; header_5_font_size__hover_enabled=&#8221;16px&#8221; header_5_letter_spacing__hover=&#8221;0px&#8221; header_5_letter_spacing__hover_enabled=&#8221;0px&#8221; header_5_line_height__hover=&#8221;1em&#8221; header_5_line_height__hover_enabled=&#8221;1em&#8221; header_5_text_shadow_style__hover=&#8221;none&#8221; header_5_text_shadow_style__hover_enabled=&#8221;none&#8221; header_5_text_shadow_color__hover=&#8221;rgba(0,0,0,0.4)&#8221; header_5_text_shadow_color__hover_enabled=&#8221;rgba(0,0,0,0.4)&#8221; header_6_font_size__hover=&#8221;14px&#8221; header_6_font_size__hover_enabled=&#8221;14px&#8221; header_6_letter_spacing__hover=&#8221;0px&#8221; header_6_letter_spacing__hover_enabled=&#8221;0px&#8221; header_6_line_height__hover=&#8221;1em&#8221; header_6_line_height__hover_enabled=&#8221;1em&#8221; header_6_text_shadow_style__hover=&#8221;none&#8221; header_6_text_shadow_style__hover_enabled=&#8221;none&#8221; header_6_text_shadow_color__hover=&#8221;rgba(0,0,0,0.4)&#8221; header_6_text_shadow_color__hover_enabled=&#8221;rgba(0,0,0,0.4)&#8221; theme_builder_area=&#8221;post_content&#8221; sticky_enabled=&#8221;0&#8243; header_text_color=&#8221;#da5c2d&#8221;]<h1>C\u1ea3m \u01a1n b\u1ea1n!<\/h1>[\/et_pb_text][et_pb_text content_tablet=&#8221;<h1>Chi nh\u00e1nh ICS S\u00edp<\/h1>\n<p> <\/p>\n<h2>Institute of Chartered Shipbrokers cung c\u1ea5p cho ng\u00e0nh d\u1ecbch v\u1ee5 v\u1eadn t\u1ea3i bi\u1ec3n b\u1eb1ng c\u1ea5p chuy\u00ean nghi\u1ec7p \u0111\u01b0\u1ee3c c\u00f4ng nh\u1eadn r\u1ed9ng r\u00e3i nh\u1ea5t.<\/h2>&#8221; content_phone=&#8221;<h1><img src=%22https:\/\/www.theforexaffiliates.com\/wp-content\/uploads\/2022\/07\/NUMBER-01.png%22 width=%2231%22 height=%2235%22 alt=%22%22 class=%22wp-image-235878 alignnone size-full%22><span><br>Th\u1ecb tr\u01b0\u1eddng t\u00e0i ch\u00ednh l\u1edbn nh\u1ea5t<\/span><\/h1>\n<p><span>Th\u1ecb tr\u01b0\u1eddng ngo\u1ea1i h\u1ed1i (forex) l\u00e0 th\u1ecb tr\u01b0\u1eddng t\u00e0i ch\u00ednh l\u1edbn nh\u1ea5t tr\u00ean th\u1ebf gi\u1edbi v\u00e0 n\u00f3 s\u1ebd kh\u00f4ng s\u1edbm t\u1eeb b\u1ecf danh hi\u1ec7u \u0111\u00f3. Kh\u00f4ng kh\u00f3 \u0111\u1ec3 hi\u1ec3u t\u1ea1i sao th\u1ecb tr\u01b0\u1eddng ngo\u1ea1i h\u1ed1i \u0111\u01b0\u1ee3c s\u1eed d\u1ee5ng nh\u01b0 m\u1ed9t b\u1ee9c \u1ea3nh ch\u1ee5p nhanh v\u1ec1 ho\u1ea1t \u0111\u1ed9ng kinh t\u1ebf v\u00e0 th\u01b0\u01a1ng m\u1ea1i to\u00e0n c\u1ea7u. Trung b\u00ecnh, t\u1eeb 4 \u0111\u1ebfn 5 ngh\u00ecn t\u1ef7 \u0111\u00f4 la (v\u00e2ng, \u0111\u00f3 l\u00e0 ngh\u00ecn t\u1ef7 v\u1edbi ch\u1eef T) \u0111\u01b0\u1ee3c giao d\u1ecbch h\u00e0ng ng\u00e0y. \u0110\u00f3 l\u00e0 kho\u1ea3ng 200 t\u1ef7 \u0111\u00f4 la m\u1ed9t gi\u1edd, 3 t\u1ef7 \u0111\u00f4 la m\u1ed9t ph\u00fat, 50 tri\u1ec7u \u0111\u00f4 la m\u1ed9t gi\u00e2y. V\u00e0 v\u1edbi t\u1ea5t c\u1ea3 c\u00e1c nh\u00e0 giao d\u1ecbch tham gia t\u1eeb kh\u1eafp n\u01a1i tr\u00ean th\u1ebf gi\u1edbi, n\u00f3 th\u1ef1c s\u1ef1 l\u00e0 th\u1ecb tr\u01b0\u1eddng giao d\u1ecbch to\u00e0n c\u1ea7u v\u00e0 d\u1ec5 ti\u1ebfp c\u1eadn nh\u1ea5t. <\/span><\/p>&#8221; content_last_edited=&#8221;off|phone&#8221; _builder_version=&#8221;4.17.4&#8243; text_font=&#8221;Poppins||||||||&#8221; text_text_color=&#8221;#000000&#8243; text_font_size=&#8221;21px&#8221; text_line_height=&#8221;2em&#8221; header_font=&#8221;Poppins|800|||||||&#8221; header_text_align=&#8221;center&#8221; header_text_color=&#8221;#1d2628&#8243; header_font_size=&#8221;22px&#8221; header_letter_spacing=&#8221;-1px&#8221; header_2_font=&#8221;Roboto Slab|300|||||||&#8221; header_2_font_size=&#8221;21px&#8221; header_2_line_height=&#8221;1.4em&#8221; text_orientation=&#8221;center&#8221; background_layout=&#8221;dark&#8221; width_tablet=&#8221;100%&#8221; width_phone=&#8221;100%&#8221; width_last_edited=&#8221;on|phone&#8221; max_width_tablet=&#8221;700px&#8221; max_width_phone=&#8221;873%&#8221; max_width_last_edited=&#8221;on|phone&#8221; height_tablet=&#8221;260px&#8221; height_phone=&#8221;&#8221; height_last_edited=&#8221;on|desktop&#8221; custom_margin=&#8221;0px||0px|0px|false|false&#8221; custom_margin_tablet=&#8221;-79px|||-7px|false|false&#8221; custom_margin_phone=&#8221;0px|||0px|false|false&#8221; custom_margin_last_edited=&#8221;on|desktop&#8221; custom_padding=&#8221;0px||||false|false&#8221; custom_padding_tablet=&#8221;15px||||false|false&#8221; custom_padding_phone=&#8221;4px||||false|false&#8221; custom_padding_last_edited=&#8221;on|desktop&#8221; hover_enabled=&#8221;0&#8243; text_font_tablet=&#8221;Poppins||||||||&#8221; text_font_phone=&#8221;Poppins||||||||&#8221; text_font_last_edited=&#8221;on|phone&#8221; text_font_size_tablet=&#8221;60px&#8221; text_font_size_phone=&#8221;17px&#8221; text_font_size_last_edited=&#8221;on|desktop&#8221; text_line_height_tablet=&#8221;0.7em&#8221; text_line_height_phone=&#8221;1.5em&#8221; text_line_height_last_edited=&#8221;on|desktop&#8221; header_text_align_tablet=&#8221;&#8221; header_text_align_phone=&#8221;center&#8221; header_text_align_last_edited=&#8221;on|phone&#8221; header_font_size_tablet=&#8221;60px&#8221; header_font_size_phone=&#8221;22px&#8221; header_font_size_last_edited=&#8221;on|phone&#8221; header_letter_spacing_tablet=&#8221;-2px&#8221; header_letter_spacing_phone=&#8221;-1px&#8221; header_letter_spacing_last_edited=&#8221;on|desktop&#8221; header_2_font_size_tablet=&#8221;20px&#8221; header_2_font_size_phone=&#8221;15px&#8221; header_2_font_size_last_edited=&#8221;on|desktop&#8221; header_2_line_height_tablet=&#8221;1.4em&#8221; header_2_line_height_phone=&#8221;1.6em&#8221; header_2_line_height_last_edited=&#8221;on|phone&#8221; text_orientation_tablet=&#8221;&#8221; text_orientation_phone=&#8221;center&#8221; text_orientation_last_edited=&#8221;on|phone&#8221; locked=&#8221;off&#8221; global_colors_info=&#8221;{}&#8221; header_3_font_size__hover=&#8221;22px&#8221; header_3_font_size__hover_enabled=&#8221;22px&#8221; header_3_letter_spacing__hover=&#8221;0px&#8221; header_3_letter_spacing__hover_enabled=&#8221;0px&#8221; header_3_line_height__hover=&#8221;1em&#8221; header_3_line_height__hover_enabled=&#8221;1em&#8221; header_3_text_shadow_style__hover=&#8221;none&#8221; header_3_text_shadow_style__hover_enabled=&#8221;none&#8221; header_3_text_shadow_color__hover=&#8221;rgba(0,0,0,0.4)&#8221; header_3_text_shadow_color__hover_enabled=&#8221;rgba(0,0,0,0.4)&#8221; header_4_font_size__hover=&#8221;18px&#8221; header_4_font_size__hover_enabled=&#8221;18px&#8221; header_4_letter_spacing__hover=&#8221;0px&#8221; header_4_letter_spacing__hover_enabled=&#8221;0px&#8221; header_4_line_height__hover=&#8221;1em&#8221; header_4_line_height__hover_enabled=&#8221;1em&#8221; header_4_text_shadow_style__hover=&#8221;none&#8221; header_4_text_shadow_style__hover_enabled=&#8221;none&#8221; header_4_text_shadow_color__hover=&#8221;rgba(0,0,0,0.4)&#8221; header_4_text_shadow_color__hover_enabled=&#8221;rgba(0,0,0,0.4)&#8221; header_5_font_size__hover=&#8221;16px&#8221; header_5_font_size__hover_enabled=&#8221;16px&#8221; header_5_letter_spacing__hover=&#8221;0px&#8221; header_5_letter_spacing__hover_enabled=&#8221;0px&#8221; header_5_line_height__hover=&#8221;1em&#8221; header_5_line_height__hover_enabled=&#8221;1em&#8221; header_5_text_shadow_style__hover=&#8221;none&#8221; header_5_text_shadow_style__hover_enabled=&#8221;none&#8221; header_5_text_shadow_color__hover=&#8221;rgba(0,0,0,0.4)&#8221; header_5_text_shadow_color__hover_enabled=&#8221;rgba(0,0,0,0.4)&#8221; header_6_font_size__hover=&#8221;14px&#8221; header_6_font_size__hover_enabled=&#8221;14px&#8221; header_6_letter_spacing__hover=&#8221;0px&#8221; header_6_letter_spacing__hover_enabled=&#8221;0px&#8221; header_6_line_height__hover=&#8221;1em&#8221; header_6_line_height__hover_enabled=&#8221;1em&#8221; header_6_text_shadow_style__hover=&#8221;none&#8221; header_6_text_shadow_style__hover_enabled=&#8221;none&#8221; header_6_text_shadow_color__hover=&#8221;rgba(0,0,0,0.4)&#8221; header_6_text_shadow_color__hover_enabled=&#8221;rgba(0,0,0,0.4)&#8221; theme_builder_area=&#8221;post_content&#8221; height=&#8221;104px&#8221; sticky_enabled=&#8221;0&#8243;]<p>Ch\u00fang t\u00f4i s\u1ebd li\u00ean h\u1ec7 l\u1ea1i v\u1edbi b\u1ea1n trong th\u1eddi gian s\u1edbm nh\u1ea5t!<\/p>[\/et_pb_text][\/et_pb_column][\/et_pb_row][\/et_pb_section]\n\n","protected":false},"excerpt":{"rendered":"<p>C\u1ea3m \u01a1n b\u1ea1n!Ch\u00fang t\u00f4i s\u1ebd li\u00ean h\u1ec7 l\u1ea1i v\u1edbi b\u1ea1n trong th\u1eddi gian s\u1edbm nh\u1ea5t!<\/p>\n","protected":false},"author":1,"featured_media":0,"parent":0,"menu_order":0,"comment_status":"closed","ping_status":"closed","template":"","meta":{"_et_pb_use_builder":"on","_et_pb_old_content":"","_et_gb_content_width":"","footnotes":""},"class_list":["post-238324","page","type-page","status-publish","hentry"],"yoast_head":"<!-- This site is optimized with the Yoast SEO plugin v27.5 - https:\/\/yoast.com\/product\/yoast-seo-wordpress\/ -->\n<title>C\u1ea3m \u01a1n b\u1ea1n - The Forex Affliates<\/title>\n<meta name=\"robots\" content=\"index, follow, max-snippet:-1, max-image-preview:large, max-video-preview:-1\" \/>\n<link rel=\"canonical\" href=\"https:\/\/www.theforexaffiliates.com\/vi\/cam-on-ban\/\" \/>\n<meta property=\"og:locale\" content=\"vi_VN\" \/>\n<meta property=\"og:type\" content=\"article\" \/>\n<meta property=\"og:title\" content=\"C\u1ea3m \u01a1n b\u1ea1n - The Forex Affliates\" \/>\n<meta property=\"og:description\" content=\"C\u1ea3m \u01a1n b\u1ea1n!Ch\u00fang t\u00f4i s\u1ebd li\u00ean h\u1ec7 l\u1ea1i v\u1edbi b\u1ea1n trong th\u1eddi gian s\u1edbm nh\u1ea5t!\" \/>\n<meta property=\"og:url\" content=\"https:\/\/www.theforexaffiliates.com\/vi\/cam-on-ban\/\" \/>\n<meta property=\"og:site_name\" content=\"The Forex Affliates\" \/>\n<meta property=\"article:modified_time\" content=\"2022-09-13T07:49:55+00:00\" \/>\n<meta name=\"twitter:card\" content=\"summary_large_image\" \/>\n<meta name=\"twitter:label1\" content=\"Est. reading time\" \/>\n\t<meta name=\"twitter:data1\" content=\"3 minutes\" \/>\n<script type=\"application\/ld+json\" class=\"yoast-schema-graph\">{\"@context\":\"https:\\\/\\\/schema.org\",\"@graph\":[{\"@type\":\"WebPage\",\"@id\":\"https:\\\/\\\/www.theforexaffiliates.com\\\/vi\\\/cam-on-ban\\\/\",\"url\":\"https:\\\/\\\/www.theforexaffiliates.com\\\/vi\\\/cam-on-ban\\\/\",\"name\":\"C\u1ea3m \u01a1n b\u1ea1n - The Forex Affliates\",\"isPartOf\":{\"@id\":\"https:\\\/\\\/www.theforexaffiliates.com\\\/vi\\\/#website\"},\"datePublished\":\"2022-08-01T07:44:27+00:00\",\"dateModified\":\"2022-09-13T07:49:55+00:00\",\"breadcrumb\":{\"@id\":\"https:\\\/\\\/www.theforexaffiliates.com\\\/vi\\\/cam-on-ban\\\/#breadcrumb\"},\"inLanguage\":\"vi-VN\",\"potentialAction\":[{\"@type\":\"ReadAction\",\"target\":[\"https:\\\/\\\/www.theforexaffiliates.com\\\/vi\\\/cam-on-ban\\\/\"]}]},{\"@type\":\"BreadcrumbList\",\"@id\":\"https:\\\/\\\/www.theforexaffiliates.com\\\/vi\\\/cam-on-ban\\\/#breadcrumb\",\"itemListElement\":[{\"@type\":\"ListItem\",\"position\":1,\"name\":\"Home\",\"item\":\"https:\\\/\\\/www.theforexaffiliates.com\\\/vi\\\/\"},{\"@type\":\"ListItem\",\"position\":2,\"name\":\"C\u1ea3m \u01a1n b\u1ea1n\"}]},{\"@type\":\"WebSite\",\"@id\":\"https:\\\/\\\/www.theforexaffiliates.com\\\/vi\\\/#website\",\"url\":\"https:\\\/\\\/www.theforexaffiliates.com\\\/vi\\\/\",\"name\":\"The Forex Affliates\",\"description\":\"Discover the best Forex Companies of the world\",\"publisher\":{\"@id\":\"https:\\\/\\\/www.theforexaffiliates.com\\\/vi\\\/#organization\"},\"potentialAction\":[{\"@type\":\"SearchAction\",\"target\":{\"@type\":\"EntryPoint\",\"urlTemplate\":\"https:\\\/\\\/www.theforexaffiliates.com\\\/vi\\\/?s={search_term_string}\"},\"query-input\":{\"@type\":\"PropertyValueSpecification\",\"valueRequired\":true,\"valueName\":\"search_term_string\"}}],\"inLanguage\":\"vi-VN\"},{\"@type\":\"Organization\",\"@id\":\"https:\\\/\\\/www.theforexaffiliates.com\\\/vi\\\/#organization\",\"name\":\"The Forex Affliates\",\"url\":\"https:\\\/\\\/www.theforexaffiliates.com\\\/vi\\\/\",\"logo\":{\"@type\":\"ImageObject\",\"inLanguage\":\"vi-VN\",\"@id\":\"https:\\\/\\\/www.theforexaffiliates.com\\\/vi\\\/#\\\/schema\\\/logo\\\/image\\\/\",\"url\":\"https:\\\/\\\/www.theforexaffiliates.com\\\/wp-content\\\/uploads\\\/2022\\\/06\\\/The-Forex-Affiliates-LogoWEB5-01.png\",\"contentUrl\":\"https:\\\/\\\/www.theforexaffiliates.com\\\/wp-content\\\/uploads\\\/2022\\\/06\\\/The-Forex-Affiliates-LogoWEB5-01.png\",\"width\":625,\"height\":177,\"caption\":\"The Forex Affliates\"},\"image\":{\"@id\":\"https:\\\/\\\/www.theforexaffiliates.com\\\/vi\\\/#\\\/schema\\\/logo\\\/image\\\/\"}}]}<\/script>\n<!-- \/ Yoast SEO plugin. -->","yoast_head_json":{"title":"C\u1ea3m \u01a1n b\u1ea1n - The Forex Affliates","robots":{"index":"index","follow":"follow","max-snippet":"max-snippet:-1","max-image-preview":"max-image-preview:large","max-video-preview":"max-video-preview:-1"},"canonical":"https:\/\/www.theforexaffiliates.com\/vi\/cam-on-ban\/","og_locale":"vi_VN","og_type":"article","og_title":"C\u1ea3m \u01a1n b\u1ea1n - The Forex Affliates","og_description":"C\u1ea3m \u01a1n b\u1ea1n!Ch\u00fang t\u00f4i s\u1ebd li\u00ean h\u1ec7 l\u1ea1i v\u1edbi b\u1ea1n trong th\u1eddi gian s\u1edbm nh\u1ea5t!","og_url":"https:\/\/www.theforexaffiliates.com\/vi\/cam-on-ban\/","og_site_name":"The Forex Affliates","article_modified_time":"2022-09-13T07:49:55+00:00","twitter_card":"summary_large_image","twitter_misc":{"Est. reading time":"3 minutes"},"schema":{"@context":"https:\/\/schema.org","@graph":[{"@type":"WebPage","@id":"https:\/\/www.theforexaffiliates.com\/vi\/cam-on-ban\/","url":"https:\/\/www.theforexaffiliates.com\/vi\/cam-on-ban\/","name":"C\u1ea3m \u01a1n b\u1ea1n - The Forex Affliates","isPartOf":{"@id":"https:\/\/www.theforexaffiliates.com\/vi\/#website"},"datePublished":"2022-08-01T07:44:27+00:00","dateModified":"2022-09-13T07:49:55+00:00","breadcrumb":{"@id":"https:\/\/www.theforexaffiliates.com\/vi\/cam-on-ban\/#breadcrumb"},"inLanguage":"vi-VN","potentialAction":[{"@type":"ReadAction","target":["https:\/\/www.theforexaffiliates.com\/vi\/cam-on-ban\/"]}]},{"@type":"BreadcrumbList","@id":"https:\/\/www.theforexaffiliates.com\/vi\/cam-on-ban\/#breadcrumb","itemListElement":[{"@type":"ListItem","position":1,"name":"Home","item":"https:\/\/www.theforexaffiliates.com\/vi\/"},{"@type":"ListItem","position":2,"name":"C\u1ea3m \u01a1n b\u1ea1n"}]},{"@type":"WebSite","@id":"https:\/\/www.theforexaffiliates.com\/vi\/#website","url":"https:\/\/www.theforexaffiliates.com\/vi\/","name":"The Forex Affliates","description":"Discover the best Forex Companies of the world","publisher":{"@id":"https:\/\/www.theforexaffiliates.com\/vi\/#organization"},"potentialAction":[{"@type":"SearchAction","target":{"@type":"EntryPoint","urlTemplate":"https:\/\/www.theforexaffiliates.com\/vi\/?s={search_term_string}"},"query-input":{"@type":"PropertyValueSpecification","valueRequired":true,"valueName":"search_term_string"}}],"inLanguage":"vi-VN"},{"@type":"Organization","@id":"https:\/\/www.theforexaffiliates.com\/vi\/#organization","name":"The Forex Affliates","url":"https:\/\/www.theforexaffiliates.com\/vi\/","logo":{"@type":"ImageObject","inLanguage":"vi-VN","@id":"https:\/\/www.theforexaffiliates.com\/vi\/#\/schema\/logo\/image\/","url":"https:\/\/www.theforexaffiliates.com\/wp-content\/uploads\/2022\/06\/The-Forex-Affiliates-LogoWEB5-01.png","contentUrl":"https:\/\/www.theforexaffiliates.com\/wp-content\/uploads\/2022\/06\/The-Forex-Affiliates-LogoWEB5-01.png","width":625,"height":177,"caption":"The Forex Affliates"},"image":{"@id":"https:\/\/www.theforexaffiliates.com\/vi\/#\/schema\/logo\/image\/"}}]}},"_links":{"self":[{"href":"https:\/\/www.theforexaffiliates.com\/vi\/wp-json\/wp\/v2\/pages\/238324","targetHints":{"allow":["GET"]}}],"collection":[{"href":"https:\/\/www.theforexaffiliates.com\/vi\/wp-json\/wp\/v2\/pages"}],"about":[{"href":"https:\/\/www.theforexaffiliates.com\/vi\/wp-json\/wp\/v2\/types\/page"}],"author":[{"embeddable":true,"href":"https:\/\/www.theforexaffiliates.com\/vi\/wp-json\/wp\/v2\/users\/1"}],"replies":[{"embeddable":true,"href":"https:\/\/www.theforexaffiliates.com\/vi\/wp-json\/wp\/v2\/comments?post=238324"}],"version-history":[{"count":5,"href":"https:\/\/www.theforexaffiliates.com\/vi\/wp-json\/wp\/v2\/pages\/238324\/revisions"}],"predecessor-version":[{"id":238884,"href":"https:\/\/www.theforexaffiliates.com\/vi\/wp-json\/wp\/v2\/pages\/238324\/revisions\/238884"}],"wp:attachment":[{"href":"https:\/\/www.theforexaffiliates.com\/vi\/wp-json\/wp\/v2\/media?parent=238324"}],"curies":[{"name":"wp","href":"https:\/\/api.w.org\/{rel}","templated":true}]}}