{"id":238330,"date":"2022-08-05T06:25:11","date_gmt":"2022-08-05T06:25:11","guid":{"rendered":"https:\/\/www.theforexaffiliates.com\/blog\/"},"modified":"2022-09-14T09:19:02","modified_gmt":"2022-09-14T09:19:02","slug":"blog","status":"publish","type":"page","link":"https:\/\/www.theforexaffiliates.com\/vi\/blog\/","title":{"rendered":"Blog"},"content":{"rendered":"<p>[et_pb_section fb_built=&#8221;1&#8243; custom_padding_last_edited=&#8221;on|desktop&#8221; admin_label=&#8221;Header&#8221; _builder_version=&#8221;4.17.4&#8243; use_background_color_gradient=&#8221;on&#8221; background_color_gradient_type=&#8221;circular&#8221; background_color_gradient_direction_radial=&#8221;top left&#8221; background_color_gradient_stops=&#8221;rgba(0,0,0,0.7) 0%|rgba(0,0,0,0.87) 100%&#8221; background_color_gradient_overlays_image=&#8221;on&#8221; background_color_gradient_start=&#8221;rgba(4,37,63,0.65)&#8221; background_color_gradient_end=&#8221;rgba(4,37,63,0.82)&#8221; background_color_gradient_end_position=&#8221;50%&#8221; background_image=&#8221;https:\/\/www.theforexaffiliates.com\/wp-content\/uploads\/2022\/06\/asfcas-scaled.jpg&#8221; max_width_last_edited=&#8221;off|phone&#8221; height_tablet=&#8221;&#8221; height_phone=&#8221;&#8221; height_last_edited=&#8221;on|phone&#8221; custom_padding=&#8221;140px|0px|140px|0px|true|false&#8221; custom_padding_tablet=&#8221;80px|0px|80px|0px|true|false&#8221; custom_padding_phone=&#8221;80px|0px|80px|0px|false|false&#8221; background_image_phone=&#8221;https:\/\/www.theforexaffiliates.com\/wp-content\/uploads\/2022\/06\/big-dodzy-tBRpPhRc3k0-unsplash2c-scaled-1.jpg&#8221; background_enable_image_phone=&#8221;on&#8221; background_size_phone=&#8221;cover&#8221; background_position_phone=&#8221;center_right&#8221; locked=&#8221;off&#8221; global_colors_info=&#8221;{}&#8221; box_shadow_style__hover=&#8221;none&#8221; box_shadow_style__hover_enabled=&#8221;none&#8221; box_shadow_color__hover=&#8221;rgba(0,0,0,0.3)&#8221; box_shadow_color__hover_enabled=&#8221;rgba(0,0,0,0.3)&#8221;][et_pb_row custom_padding_last_edited=&#8221;on|phone&#8221; padding_top_bottom_link_1=&#8221;false&#8221; padding_top_bottom_link_2=&#8221;true&#8221; padding_left_right_link_2=&#8221;true&#8221; _builder_version=&#8221;4.17.4&#8243; width_tablet=&#8221;100%&#8221; width_phone=&#8221;100%&#8221; width_last_edited=&#8221;on|tablet&#8221; max_width_tablet=&#8221;2560%&#8221; max_width_phone=&#8221;&#8221; max_width_last_edited=&#8221;on|desktop&#8221; custom_margin=&#8221;0px||0px||true&#8221; custom_padding=&#8221;0|0px|0px|0px|false|false&#8221; custom_padding_tablet=&#8221;0|0px|0px|0px|false|false&#8221; custom_padding_phone=&#8221;0|30px|0px|30px|false|true&#8221; use_custom_width=&#8221;on&#8221; width_unit=&#8221;off&#8221; custom_width_percent=&#8221;100%&#8221; global_colors_info=&#8221;{}&#8221;][et_pb_column type=&#8221;4_4&#8243; _builder_version=&#8221;4.17.4&#8243; custom_padding=&#8221;0vw|0px|0vw|0px|true|false&#8221; custom_padding_tablet=&#8221;||100px&#8221; custom_padding_phone=&#8221;|0px|0px|0px|false|true&#8221; custom_padding_last_edited=&#8221;on|phone&#8221; global_colors_info=&#8221;{}&#8221; custom_padding__hover=&#8221;|||&#8221;][et_pb_text content_tablet=&#8221;<\/p>\n<h1>Chi nh\u00e1nh ICS S\u00edp<\/h1>\n<\/p>\n<h2>Institute of Chartered Shipbrokers cung c\u1ea5p cho ng\u00e0nh d\u1ecbch v\u1ee5 v\u1eadn t\u1ea3i bi\u1ec3n b\u1eb1ng c\u1ea5p chuy\u00ean nghi\u1ec7p \u0111\u01b0\u1ee3c c\u00f4ng nh\u1eadn r\u1ed9ng r\u00e3i nh\u1ea5t.<\/h2>\n<p>&#8221; content_phone=&#8221;<\/p>\n<h1>Chi nh\u00e1nh ICS S\u00edp<\/h1>\n<h2>Institute of Chartered Shipbrokers cung c\u1ea5p cho ng\u00e0nh d\u1ecbch v\u1ee5 v\u1eadn t\u1ea3i bi\u1ec3n b\u1eb1ng c\u1ea5p chuy\u00ean nghi\u1ec7p \u0111\u01b0\u1ee3c c\u00f4ng nh\u1eadn r\u1ed9ng r\u00e3i nh\u1ea5t.<\/h2>\n<p>&#8221; content_last_edited=&#8221;off|phone&#8221; _builder_version=&#8221;4.17.4&#8243; text_font=&#8221;Roboto Slab|300|||||||&#8221; text_font_size=&#8221;22px&#8221; text_line_height=&#8221;1.6em&#8221; header_font=&#8221;Poppins|700|||||||&#8221; header_text_align=&#8221;center&#8221; header_text_color=&#8221;#da5c2d&#8221; header_font_size=&#8221;17px&#8221; header_letter_spacing=&#8221;11px&#8221; header_line_height=&#8221;1.4em&#8221; header_2_font=&#8221;Roboto Slab|300|||||||&#8221; header_2_font_size=&#8221;21px&#8221; header_2_line_height=&#8221;1.4em&#8221; background_layout=&#8221;dark&#8221; width_tablet=&#8221;&#8221; width_phone=&#8221;100%&#8221; width_last_edited=&#8221;on|phone&#8221; max_width_tablet=&#8221;&#8221; max_width_phone=&#8221;100%&#8221; max_width_last_edited=&#8221;on|phone&#8221; module_alignment=&#8221;center&#8221; custom_margin=&#8221;0px||0px|0px|false|false&#8221; custom_margin_tablet=&#8221;-79px|||-7px|false|false&#8221; custom_margin_phone=&#8221;0px|||0px|false|false&#8221; custom_margin_last_edited=&#8221;on|desktop&#8221; animation_style=&#8221;zoom&#8221; header_font_size_tablet=&#8221;60px&#8221; header_font_size_phone=&#8221;18px&#8221; header_font_size_last_edited=&#8221;on|phone&#8221; header_letter_spacing_tablet=&#8221;11px&#8221; header_letter_spacing_phone=&#8221;5px&#8221; header_letter_spacing_last_edited=&#8221;on|phone&#8221; header_line_height_tablet=&#8221;1.4em&#8221; header_line_height_phone=&#8221;1.4em&#8221; header_line_height_last_edited=&#8221;on|desktop&#8221; header_2_font_size_tablet=&#8221;20px&#8221; header_2_font_size_phone=&#8221;15px&#8221; header_2_font_size_last_edited=&#8221;on|desktop&#8221; header_2_line_height_tablet=&#8221;1.4em&#8221; header_2_line_height_phone=&#8221;1.6em&#8221; header_2_line_height_last_edited=&#8221;on|phone&#8221; global_colors_info=&#8221;{}&#8221; header_3_font_size__hover=&#8221;22px&#8221; header_3_font_size__hover_enabled=&#8221;22px&#8221; header_3_letter_spacing__hover=&#8221;0px&#8221; header_3_letter_spacing__hover_enabled=&#8221;0px&#8221; header_3_line_height__hover=&#8221;1em&#8221; header_3_line_height__hover_enabled=&#8221;1em&#8221; header_3_text_shadow_style__hover=&#8221;none&#8221; header_3_text_shadow_style__hover_enabled=&#8221;none&#8221; header_3_text_shadow_color__hover=&#8221;rgba(0,0,0,0.4)&#8221; header_3_text_shadow_color__hover_enabled=&#8221;rgba(0,0,0,0.4)&#8221; header_4_font_size__hover=&#8221;18px&#8221; header_4_font_size__hover_enabled=&#8221;18px&#8221; header_4_letter_spacing__hover=&#8221;0px&#8221; header_4_letter_spacing__hover_enabled=&#8221;0px&#8221; header_4_line_height__hover=&#8221;1em&#8221; header_4_line_height__hover_enabled=&#8221;1em&#8221; header_4_text_shadow_style__hover=&#8221;none&#8221; header_4_text_shadow_style__hover_enabled=&#8221;none&#8221; header_4_text_shadow_color__hover=&#8221;rgba(0,0,0,0.4)&#8221; header_4_text_shadow_color__hover_enabled=&#8221;rgba(0,0,0,0.4)&#8221; header_5_font_size__hover=&#8221;16px&#8221; header_5_font_size__hover_enabled=&#8221;16px&#8221; header_5_letter_spacing__hover=&#8221;0px&#8221; header_5_letter_spacing__hover_enabled=&#8221;0px&#8221; header_5_line_height__hover=&#8221;1em&#8221; header_5_line_height__hover_enabled=&#8221;1em&#8221; header_5_text_shadow_style__hover=&#8221;none&#8221; header_5_text_shadow_style__hover_enabled=&#8221;none&#8221; header_5_text_shadow_color__hover=&#8221;rgba(0,0,0,0.4)&#8221; header_5_text_shadow_color__hover_enabled=&#8221;rgba(0,0,0,0.4)&#8221; header_6_font_size__hover=&#8221;14px&#8221; header_6_font_size__hover_enabled=&#8221;14px&#8221; header_6_letter_spacing__hover=&#8221;0px&#8221; header_6_letter_spacing__hover_enabled=&#8221;0px&#8221; header_6_line_height__hover=&#8221;1em&#8221; header_6_line_height__hover_enabled=&#8221;1em&#8221; header_6_text_shadow_style__hover=&#8221;none&#8221; header_6_text_shadow_style__hover_enabled=&#8221;none&#8221; header_6_text_shadow_color__hover=&#8221;rgba(0,0,0,0.4)&#8221; header_6_text_shadow_color__hover_enabled=&#8221;rgba(0,0,0,0.4)&#8221;]<\/p>\n<h1>C\u00c1C \u1ea2NH H\u01af\u1edeNG C\u1ee6A NGO\u1ea0I H\u1ed0I<\/h1>\n<p>[\/et_pb_text][et_pb_text content_tablet=&#8221;<\/p>\n<h1>Chi nh\u00e1nh ICS S\u00edp<\/h1>\n<\/p>\n<h2>Institute of Chartered Shipbrokers cung c\u1ea5p cho ng\u00e0nh d\u1ecbch v\u1ee5 v\u1eadn t\u1ea3i bi\u1ec3n b\u1eb1ng c\u1ea5p chuy\u00ean nghi\u1ec7p \u0111\u01b0\u1ee3c c\u00f4ng nh\u1eadn r\u1ed9ng r\u00e3i nh\u1ea5t.<\/h2>\n<p>&#8221; content_phone=&#8221;<\/p>\n<h1>Chi nh\u00e1nh ICS S\u00edp<\/h1>\n<h2>Institute of Chartered Shipbrokers cung c\u1ea5p cho ng\u00e0nh d\u1ecbch v\u1ee5 v\u1eadn t\u1ea3i bi\u1ec3n b\u1eb1ng c\u1ea5p chuy\u00ean nghi\u1ec7p \u0111\u01b0\u1ee3c c\u00f4ng nh\u1eadn r\u1ed9ng r\u00e3i nh\u1ea5t.<\/h2>\n<p>&#8221; content_last_edited=&#8221;off|phone&#8221; _builder_version=&#8221;4.17.6&#8243; text_font=&#8221;Roboto Slab|300|||||||&#8221; text_font_size=&#8221;22px&#8221; text_line_height=&#8221;1.6em&#8221; header_font=&#8221;Poppins|700|||||||&#8221; header_text_align=&#8221;center&#8221; header_font_size=&#8221;48px&#8221; header_line_height=&#8221;1.4em&#8221; header_2_font=&#8221;Roboto Slab|300|||||||&#8221; header_2_font_size=&#8221;21px&#8221; header_2_line_height=&#8221;1.4em&#8221; background_layout=&#8221;dark&#8221; module_alignment=&#8221;center&#8221; custom_margin=&#8221;0px||0px|0px|false|false&#8221; custom_margin_tablet=&#8221;-79px|||-7px|false|false&#8221; custom_margin_phone=&#8221;0px|||0px|false|false&#8221; custom_margin_last_edited=&#8221;on|desktop&#8221; animation_style=&#8221;zoom&#8221; header_font_size_tablet=&#8221;60px&#8221; header_font_size_phone=&#8221;28px&#8221; header_font_size_last_edited=&#8221;on|phone&#8221; header_line_height_tablet=&#8221;1.4em&#8221; header_line_height_phone=&#8221;1em&#8221; header_line_height_last_edited=&#8221;on|desktop&#8221; header_2_font_size_tablet=&#8221;20px&#8221; header_2_font_size_phone=&#8221;15px&#8221; header_2_font_size_last_edited=&#8221;on|desktop&#8221; header_2_line_height_tablet=&#8221;1.4em&#8221; header_2_line_height_phone=&#8221;1.6em&#8221; header_2_line_height_last_edited=&#8221;on|phone&#8221; global_colors_info=&#8221;{}&#8221; header_3_font_size__hover=&#8221;22px&#8221; header_3_font_size__hover_enabled=&#8221;22px&#8221; header_3_letter_spacing__hover=&#8221;0px&#8221; header_3_letter_spacing__hover_enabled=&#8221;0px&#8221; header_3_line_height__hover=&#8221;1em&#8221; header_3_line_height__hover_enabled=&#8221;1em&#8221; header_3_text_shadow_style__hover=&#8221;none&#8221; header_3_text_shadow_style__hover_enabled=&#8221;none&#8221; header_3_text_shadow_color__hover=&#8221;rgba(0,0,0,0.4)&#8221; header_3_text_shadow_color__hover_enabled=&#8221;rgba(0,0,0,0.4)&#8221; header_4_font_size__hover=&#8221;18px&#8221; header_4_font_size__hover_enabled=&#8221;18px&#8221; header_4_letter_spacing__hover=&#8221;0px&#8221; header_4_letter_spacing__hover_enabled=&#8221;0px&#8221; header_4_line_height__hover=&#8221;1em&#8221; header_4_line_height__hover_enabled=&#8221;1em&#8221; header_4_text_shadow_style__hover=&#8221;none&#8221; header_4_text_shadow_style__hover_enabled=&#8221;none&#8221; header_4_text_shadow_color__hover=&#8221;rgba(0,0,0,0.4)&#8221; header_4_text_shadow_color__hover_enabled=&#8221;rgba(0,0,0,0.4)&#8221; header_5_font_size__hover=&#8221;16px&#8221; header_5_font_size__hover_enabled=&#8221;16px&#8221; header_5_letter_spacing__hover=&#8221;0px&#8221; header_5_letter_spacing__hover_enabled=&#8221;0px&#8221; header_5_line_height__hover=&#8221;1em&#8221; header_5_line_height__hover_enabled=&#8221;1em&#8221; header_5_text_shadow_style__hover=&#8221;none&#8221; header_5_text_shadow_style__hover_enabled=&#8221;none&#8221; header_5_text_shadow_color__hover=&#8221;rgba(0,0,0,0.4)&#8221; header_5_text_shadow_color__hover_enabled=&#8221;rgba(0,0,0,0.4)&#8221; header_6_font_size__hover=&#8221;14px&#8221; header_6_font_size__hover_enabled=&#8221;14px&#8221; header_6_letter_spacing__hover=&#8221;0px&#8221; header_6_letter_spacing__hover_enabled=&#8221;0px&#8221; header_6_line_height__hover=&#8221;1em&#8221; header_6_line_height__hover_enabled=&#8221;1em&#8221; header_6_text_shadow_style__hover=&#8221;none&#8221; header_6_text_shadow_style__hover_enabled=&#8221;none&#8221; header_6_text_shadow_color__hover=&#8221;rgba(0,0,0,0.4)&#8221; header_6_text_shadow_color__hover_enabled=&#8221;rgba(0,0,0,0.4)&#8221;]<\/p>\n<h1>C\u00e1c b\u00e0i b\u00e1o tr\u00ean blog<\/h1>\n<p>[\/et_pb_text][\/et_pb_column][\/et_pb_row][\/et_pb_section][et_pb_section fb_built=&#8221;1&#8243; custom_padding_last_edited=&#8221;on|desktop&#8221; _builder_version=&#8221;4.17.4&#8243; _module_preset=&#8221;default&#8221; custom_margin=&#8221;0px||||false|false&#8221; custom_margin_tablet=&#8221;0px||||false|false&#8221; custom_margin_phone=&#8221;0px||||false|false&#8221; custom_margin_last_edited=&#8221;on|desktop&#8221; custom_padding=&#8221;20px||||false|false&#8221; custom_padding_tablet=&#8221;20px||||false|false&#8221; custom_padding_phone=&#8221;20px||43px||false|false&#8221; locked=&#8221;off&#8221; global_colors_info=&#8221;{}&#8221;][et_pb_row use_custom_gutter=&#8221;on&#8221; gutter_width=&#8221;2&#8243; custom_padding_last_edited=&#8221;on|desktop&#8221; _builder_version=&#8221;4.17.6&#8243; _module_preset=&#8221;default&#8221; background_color=&#8221;#FFFFFF&#8221; width=&#8221;79%&#8221; width_tablet=&#8221;70%&#8221; width_phone=&#8221;88%&#8221; width_last_edited=&#8221;on|desktop&#8221; height_tablet=&#8221;100px&#8221; height_phone=&#8221;&#8221; height_last_edited=&#8221;on|desktop&#8221; custom_margin=&#8221;-100px||3px||false|false&#8221; custom_margin_tablet=&#8221;-88px||||false|false&#8221; custom_margin_phone=&#8221;-63px||||false|false&#8221; custom_margin_last_edited=&#8221;on|desktop&#8221; custom_padding=&#8221;50px|0px|4px|0px|false|true&#8221; custom_padding_tablet=&#8221;27px||||false|false&#8221; custom_padding_phone=&#8221;0px|10px||10px|false|true&#8221; border_radii=&#8221;on|30px|30px|30px|30px&#8221; global_colors_info=&#8221;{}&#8221;][et_pb_column type=&#8221;4_4&#8243; _builder_version=&#8221;4.17.6&#8243; _module_preset=&#8221;default&#8221; background_enable_color=&#8221;off&#8221; custom_padding=&#8221;0px|60px|3px|60px|false|true&#8221; custom_padding_tablet=&#8221;60px|30px|60px|30px|true|true&#8221; custom_padding_phone=&#8221;30px|20px|0px|20px|false|true&#8221; custom_padding_last_edited=&#8221;on|phone&#8221; border_radii=&#8221;on|NaNpx|NaNpx|NaNpx|NaNpx&#8221; border_color_all=&#8221;rgba(218,92,45,0.13)&#8221; border_color_right=&#8221;rgba(0,0,0,0.16)&#8221; border_color_bottom=&#8221;rgba(0,0,0,0.16)&#8221; border_width_right_tablet=&#8221;1px&#8221; border_width_right_phone=&#8221;0px&#8221; border_width_right_last_edited=&#8221;on|phone&#8221; border_width_bottom_tablet=&#8221;&#8221; border_width_bottom_phone=&#8221;0px&#8221; border_width_bottom_last_edited=&#8221;on|phone&#8221; global_colors_info=&#8221;{}&#8221;][et_pb_blog fullwidth=&#8221;off&#8221; posts_number=&#8221;6&#8243; show_more=&#8221;on&#8221; show_author=&#8221;off&#8221; show_categories=&#8221;off&#8221; _builder_version=&#8221;4.18.0&#8243; _module_preset=&#8221;8f934617-8bd6-45b5-9d26-e1f547382960&#8243; header_font=&#8221;Inter|700|||||||&#8221; header_text_color=&#8221;#000000&#8243; header_font_size=&#8221;19px&#8221; header_line_height=&#8221;1.4em&#8221; body_font=&#8221;Poppins||||||||&#8221; body_text_color=&#8221;#000000&#8243; body_font_size=&#8221;16px&#8221; body_line_height=&#8221;1.8em&#8221; meta_font=&#8221;Open Sans||||||||&#8221; meta_text_color=&#8221;#666666&#8243; meta_line_height=&#8221;1.6em&#8221; read_more_font=&#8221;Inter|700|||on||||&#8221; read_more_text_color=&#8221;#da5c2d&#8221; read_more_font_size=&#8221;19px&#8221; pagination_font=&#8221;Inter|700|||on||||&#8221; pagination_text_color=&#8221;#000000&#8243; pagination_font_size=&#8221;19px&#8221; width_tablet=&#8221;&#8221; width_phone=&#8221;&#8221; width_last_edited=&#8221;on|desktop&#8221; module_alignment=&#8221;center&#8221; hover_enabled=&#8221;0&#8243; header_font_size_tablet=&#8221;17px&#8221; header_font_size_phone=&#8221;16px&#8221; header_font_size_last_edited=&#8221;on|phone&#8221; body_font_size_tablet=&#8221;15px&#8221; body_font_size_phone=&#8221;14px&#8221; body_font_size_last_edited=&#8221;on|phone&#8221; read_more_font_size_tablet=&#8221;17px&#8221; read_more_font_size_phone=&#8221;16px&#8221; read_more_font_size_last_edited=&#8221;on|phone&#8221; module_alignment_tablet=&#8221;center&#8221; module_alignment_phone=&#8221;center&#8221; module_alignment_last_edited=&#8221;on|desktop&#8221; border_width_all=&#8221;0px&#8221; border_radii_image=&#8221;on|20px|20px|20px|20px&#8221; locked=&#8221;off&#8221; global_colors_info=&#8221;{}&#8221; include_categories=&#8221;31&#8243; sticky_enabled=&#8221;0&#8243;][\/et_pb_blog][\/et_pb_column][\/et_pb_row][\/et_pb_section]<\/p>\n","protected":false},"excerpt":{"rendered":"<p>C\u00c1C \u1ea2NH H\u01af\u1edeNG C\u1ee6A NGO\u1ea0I H\u1ed0IC\u00e1c b\u00e0i b\u00e1o tr\u00ean blog<\/p>\n","protected":false},"author":1,"featured_media":0,"parent":0,"menu_order":0,"comment_status":"closed","ping_status":"closed","template":"","meta":{"_et_pb_use_builder":"on","_et_pb_old_content":"","_et_gb_content_width":"","footnotes":""},"class_list":["post-238330","page","type-page","status-publish","hentry"],"yoast_head":"<!-- This site is optimized with the Yoast SEO plugin v27.4 - https:\/\/yoast.com\/product\/yoast-seo-wordpress\/ -->\n<title>Blog - The Forex Affliates<\/title>\n<meta name=\"robots\" content=\"index, follow, max-snippet:-1, max-image-preview:large, max-video-preview:-1\" \/>\n<link rel=\"canonical\" href=\"https:\/\/www.theforexaffiliates.com\/vi\/blog\/\" \/>\n<meta property=\"og:locale\" content=\"vi_VN\" \/>\n<meta property=\"og:type\" content=\"article\" \/>\n<meta property=\"og:title\" content=\"Blog - The Forex Affliates\" \/>\n<meta property=\"og:description\" content=\"C\u00c1C \u1ea2NH H\u01af\u1edeNG C\u1ee6A NGO\u1ea0I H\u1ed0IC\u00e1c b\u00e0i b\u00e1o tr\u00ean blog\" \/>\n<meta property=\"og:url\" content=\"https:\/\/www.theforexaffiliates.com\/vi\/blog\/\" \/>\n<meta property=\"og:site_name\" content=\"The Forex Affliates\" \/>\n<meta property=\"article:modified_time\" content=\"2022-09-14T09:19:02+00:00\" \/>\n<meta name=\"twitter:card\" content=\"summary_large_image\" \/>\n<meta name=\"twitter:label1\" content=\"Est. reading time\" \/>\n\t<meta name=\"twitter:data1\" content=\"2 minutes\" \/>\n<script type=\"application\/ld+json\" class=\"yoast-schema-graph\">{\"@context\":\"https:\\\/\\\/schema.org\",\"@graph\":[{\"@type\":\"WebPage\",\"@id\":\"https:\\\/\\\/www.theforexaffiliates.com\\\/vi\\\/blog\\\/\",\"url\":\"https:\\\/\\\/www.theforexaffiliates.com\\\/vi\\\/blog\\\/\",\"name\":\"Blog - The Forex Affliates\",\"isPartOf\":{\"@id\":\"https:\\\/\\\/www.theforexaffiliates.com\\\/vi\\\/#website\"},\"datePublished\":\"2022-08-05T06:25:11+00:00\",\"dateModified\":\"2022-09-14T09:19:02+00:00\",\"breadcrumb\":{\"@id\":\"https:\\\/\\\/www.theforexaffiliates.com\\\/vi\\\/blog\\\/#breadcrumb\"},\"inLanguage\":\"vi-VN\",\"potentialAction\":[{\"@type\":\"ReadAction\",\"target\":[\"https:\\\/\\\/www.theforexaffiliates.com\\\/vi\\\/blog\\\/\"]}]},{\"@type\":\"BreadcrumbList\",\"@id\":\"https:\\\/\\\/www.theforexaffiliates.com\\\/vi\\\/blog\\\/#breadcrumb\",\"itemListElement\":[{\"@type\":\"ListItem\",\"position\":1,\"name\":\"Home\",\"item\":\"https:\\\/\\\/www.theforexaffiliates.com\\\/vi\\\/\"},{\"@type\":\"ListItem\",\"position\":2,\"name\":\"Blog\"}]},{\"@type\":\"WebSite\",\"@id\":\"https:\\\/\\\/www.theforexaffiliates.com\\\/vi\\\/#website\",\"url\":\"https:\\\/\\\/www.theforexaffiliates.com\\\/vi\\\/\",\"name\":\"The Forex Affliates\",\"description\":\"Discover the best Forex Companies of the world\",\"publisher\":{\"@id\":\"https:\\\/\\\/www.theforexaffiliates.com\\\/vi\\\/#organization\"},\"potentialAction\":[{\"@type\":\"SearchAction\",\"target\":{\"@type\":\"EntryPoint\",\"urlTemplate\":\"https:\\\/\\\/www.theforexaffiliates.com\\\/vi\\\/?s={search_term_string}\"},\"query-input\":{\"@type\":\"PropertyValueSpecification\",\"valueRequired\":true,\"valueName\":\"search_term_string\"}}],\"inLanguage\":\"vi-VN\"},{\"@type\":\"Organization\",\"@id\":\"https:\\\/\\\/www.theforexaffiliates.com\\\/vi\\\/#organization\",\"name\":\"The Forex Affliates\",\"url\":\"https:\\\/\\\/www.theforexaffiliates.com\\\/vi\\\/\",\"logo\":{\"@type\":\"ImageObject\",\"inLanguage\":\"vi-VN\",\"@id\":\"https:\\\/\\\/www.theforexaffiliates.com\\\/vi\\\/#\\\/schema\\\/logo\\\/image\\\/\",\"url\":\"https:\\\/\\\/www.theforexaffiliates.com\\\/wp-content\\\/uploads\\\/2022\\\/06\\\/The-Forex-Affiliates-LogoWEB5-01.png\",\"contentUrl\":\"https:\\\/\\\/www.theforexaffiliates.com\\\/wp-content\\\/uploads\\\/2022\\\/06\\\/The-Forex-Affiliates-LogoWEB5-01.png\",\"width\":625,\"height\":177,\"caption\":\"The Forex Affliates\"},\"image\":{\"@id\":\"https:\\\/\\\/www.theforexaffiliates.com\\\/vi\\\/#\\\/schema\\\/logo\\\/image\\\/\"}}]}<\/script>\n<!-- \/ Yoast SEO plugin. -->","yoast_head_json":{"title":"Blog - The Forex Affliates","robots":{"index":"index","follow":"follow","max-snippet":"max-snippet:-1","max-image-preview":"max-image-preview:large","max-video-preview":"max-video-preview:-1"},"canonical":"https:\/\/www.theforexaffiliates.com\/vi\/blog\/","og_locale":"vi_VN","og_type":"article","og_title":"Blog - The Forex Affliates","og_description":"C\u00c1C \u1ea2NH H\u01af\u1edeNG C\u1ee6A NGO\u1ea0I H\u1ed0IC\u00e1c b\u00e0i b\u00e1o tr\u00ean blog","og_url":"https:\/\/www.theforexaffiliates.com\/vi\/blog\/","og_site_name":"The Forex Affliates","article_modified_time":"2022-09-14T09:19:02+00:00","twitter_card":"summary_large_image","twitter_misc":{"Est. reading time":"2 minutes"},"schema":{"@context":"https:\/\/schema.org","@graph":[{"@type":"WebPage","@id":"https:\/\/www.theforexaffiliates.com\/vi\/blog\/","url":"https:\/\/www.theforexaffiliates.com\/vi\/blog\/","name":"Blog - The Forex Affliates","isPartOf":{"@id":"https:\/\/www.theforexaffiliates.com\/vi\/#website"},"datePublished":"2022-08-05T06:25:11+00:00","dateModified":"2022-09-14T09:19:02+00:00","breadcrumb":{"@id":"https:\/\/www.theforexaffiliates.com\/vi\/blog\/#breadcrumb"},"inLanguage":"vi-VN","potentialAction":[{"@type":"ReadAction","target":["https:\/\/www.theforexaffiliates.com\/vi\/blog\/"]}]},{"@type":"BreadcrumbList","@id":"https:\/\/www.theforexaffiliates.com\/vi\/blog\/#breadcrumb","itemListElement":[{"@type":"ListItem","position":1,"name":"Home","item":"https:\/\/www.theforexaffiliates.com\/vi\/"},{"@type":"ListItem","position":2,"name":"Blog"}]},{"@type":"WebSite","@id":"https:\/\/www.theforexaffiliates.com\/vi\/#website","url":"https:\/\/www.theforexaffiliates.com\/vi\/","name":"The Forex Affliates","description":"Discover the best Forex Companies of the world","publisher":{"@id":"https:\/\/www.theforexaffiliates.com\/vi\/#organization"},"potentialAction":[{"@type":"SearchAction","target":{"@type":"EntryPoint","urlTemplate":"https:\/\/www.theforexaffiliates.com\/vi\/?s={search_term_string}"},"query-input":{"@type":"PropertyValueSpecification","valueRequired":true,"valueName":"search_term_string"}}],"inLanguage":"vi-VN"},{"@type":"Organization","@id":"https:\/\/www.theforexaffiliates.com\/vi\/#organization","name":"The Forex Affliates","url":"https:\/\/www.theforexaffiliates.com\/vi\/","logo":{"@type":"ImageObject","inLanguage":"vi-VN","@id":"https:\/\/www.theforexaffiliates.com\/vi\/#\/schema\/logo\/image\/","url":"https:\/\/www.theforexaffiliates.com\/wp-content\/uploads\/2022\/06\/The-Forex-Affiliates-LogoWEB5-01.png","contentUrl":"https:\/\/www.theforexaffiliates.com\/wp-content\/uploads\/2022\/06\/The-Forex-Affiliates-LogoWEB5-01.png","width":625,"height":177,"caption":"The Forex Affliates"},"image":{"@id":"https:\/\/www.theforexaffiliates.com\/vi\/#\/schema\/logo\/image\/"}}]}},"_links":{"self":[{"href":"https:\/\/www.theforexaffiliates.com\/vi\/wp-json\/wp\/v2\/pages\/238330","targetHints":{"allow":["GET"]}}],"collection":[{"href":"https:\/\/www.theforexaffiliates.com\/vi\/wp-json\/wp\/v2\/pages"}],"about":[{"href":"https:\/\/www.theforexaffiliates.com\/vi\/wp-json\/wp\/v2\/types\/page"}],"author":[{"embeddable":true,"href":"https:\/\/www.theforexaffiliates.com\/vi\/wp-json\/wp\/v2\/users\/1"}],"replies":[{"embeddable":true,"href":"https:\/\/www.theforexaffiliates.com\/vi\/wp-json\/wp\/v2\/comments?post=238330"}],"version-history":[{"count":8,"href":"https:\/\/www.theforexaffiliates.com\/vi\/wp-json\/wp\/v2\/pages\/238330\/revisions"}],"predecessor-version":[{"id":239886,"href":"https:\/\/www.theforexaffiliates.com\/vi\/wp-json\/wp\/v2\/pages\/238330\/revisions\/239886"}],"wp:attachment":[{"href":"https:\/\/www.theforexaffiliates.com\/vi\/wp-json\/wp\/v2\/media?parent=238330"}],"curies":[{"name":"wp","href":"https:\/\/api.w.org\/{rel}","templated":true}]}}